{"id":1068,"date":"2016-01-04T11:12:27","date_gmt":"2016-01-04T11:12:27","guid":{"rendered":"https:\/\/garciaygarridoabogados.es\/staging\/?page_id=1068"},"modified":"2026-01-15T10:44:12","modified_gmt":"2026-01-15T10:44:12","slug":"la-firma","status":"publish","type":"page","link":"https:\/\/garciaygarridoabogados.es\/staging\/la-firma\/","title":{"rendered":"La Firma"},"content":{"rendered":"<div class=\"wpb-content-wrapper\"><p>[vc_row css=\u00bb.vc_custom_1451906017896{margin-top: 40px !important;margin-bottom: 40px !important;}\u00bb][vc_column][vc_row_inner][vc_column_inner][vc_column_text]<\/p>\n<p style=\"text-align: justify;\"><strong>Garc\u00eda &amp; Garrido Abogados <\/strong>es un despacho din\u00e1mico y multidisciplinar que tiene como objetivo atender y satisfacer todas las necesidades legales de sus clientes.<\/p>\n<p style=\"text-align: justify;\">Ofrece un asesoramiento jur\u00eddico integral que procura dar respuesta tanto a las necesidades judiciales como extrajudiciales.<\/p>\n<p style=\"text-align: justify;\">Sus profesionales parten del acercamiento de las posturas confrontadas a trav\u00e9s del di\u00e1logo y la mediaci\u00f3n porque entendemos que ofrecen una soluci\u00f3n legal m\u00e1s \u00e1gil, m\u00e1s econ\u00f3mica y, en muchas ocasiones, menos traum\u00e1tica para nuestros clientes.\u00a0 Sin embargo, si no es posible el acuerdo a trav\u00e9s de este medio, nuestros abogados defender\u00e1n sus derechos en los diferentes Tribunales con rigor y eficacia.<\/p>\n<p style=\"text-align: justify;\">El porfolio de las \u00e1reas de trabajo que manejamos con maestr\u00eda, comienza por el Derecho de Familia y el Derecho Penal, campos en los\u00a0que somos especialistas y siguen con el Derecho Laboral, Derecho Civil y Derecho Administrativo.<\/p>\n<p style=\"text-align: justify;\">Perseguimos proporcionar soluci\u00f3n a los problemas legales de nuestros clientes, ofrecemos un trato cercano y accesible a nuestros clientes para que \u00a0Usted est\u00e9 informado en todo momento de los avances de su caso y ponemos en juego todos nuestros conocimientos y energ\u00eda para defender sus derechos y su postura.<\/p>\n<p style=\"text-align: justify;\"><strong>Transparencia y honestidad<\/strong>. Si su caso no es viable, se lo haremos saber desde el primer momento. Cons\u00faltenos.<\/p>\n<p>[\/vc_column_text][\/vc_column_inner][\/vc_row_inner][vc_row_inner css=\u00bb.vc_custom_1451909274856{margin-top: 30px !important;padding-top: 20px !important;padding-bottom: 20px !important;}\u00bb][vc_column_inner width=\u00bb1\/6&#8243;][\/vc_column_inner][vc_column_inner width=\u00bb2\/3&#8243;][vc_single_image image=\u00bb1103&#8243; img_size=\u00bb600&#215;399&#8243; alignment=\u00bbcenter\u00bb style=\u00bbvc_box_shadow\u00bb][\/vc_column_inner][vc_column_inner width=\u00bb1\/6&#8243;][\/vc_column_inner][\/vc_row_inner][vc_row_inner css=\u00bb.vc_custom_1451908488618{margin-top: 20px !important;margin-bottom: 20px !important;}\u00bb][vc_column_inner][vc_custom_heading text=\u00bbAcerca de Rafael Garc\u00eda G\u00f3mez\u00bb font_container=\u00bbtag:h3|font_size:30|text_align:center|color:%23333333&#8243; use_theme_fonts=\u00bbyes\u00bb el_class=\u00bbheading_center\u00bb css=\u00bb.vc_custom_1451908437769{margin-top: 20px !important;}\u00bb][\/vc_column_inner][\/vc_row_inner][vc_row_inner][vc_column_inner][vc_column_text el_class=\u00bbtmlawyer_textbox_2&#8243;]<\/p>\n<p style=\"text-align: justify;\">Socio titular y fundador del despacho<strong> Garc\u00eda &amp; Garrido Abogados <\/strong>con sede en Sevilla.<\/p>\n<p style=\"text-align: justify;\">Abogado colegiado en el Ilustre Colegio de Abogados de Sevilla con el n\u00famero 14716.<\/p>\n<p style=\"text-align: justify;\">Tras su Licenciatura en Derecho, realiza numerosos cursos de especializaci\u00f3n:<\/p>\n<ul style=\"text-align: justify;\">\n<li>Curso superior de Pr\u00e1ctica Jur\u00eddica Forense en el Centro de Formaci\u00f3n CEFOEC (Escuela Superior de Pr\u00e1ctica Jur\u00eddica).<\/li>\n<li>Certificado de Aptitud Profesional que acredita la admisi\u00f3n al turno de oficio del Iltre. Colegio de Abogados de Sevilla.<\/li>\n<li>Curso de Violencia de G\u00e9nero homologado por Consejo de la Abogac\u00eda Espa\u00f1ola y el Consejo Andaluz de Colegios de Abogados para el acceso al Turno de Oficio especializado en Violencia de G\u00e9nero.<\/li>\n<li>Curso de Delincuencia Juvenil y Derecho Penal de Menores: \u00abLa Edad y el Crimen\u00bb.<\/li>\n<li>Curso \u201cLa reforma de las leyes penales en Espa\u00f1a: aspectos jur\u00eddicos y criminol\u00f3gicos\u201d.<\/li>\n<li>T\u00e9cnico en Gesti\u00f3n y tramitaci\u00f3n inmobiliaria.<\/li>\n<li>Curso Administraci\u00f3n de Justicia Electr\u00f3nica.<\/li>\n<\/ul>\n<p>[\/vc_column_text][\/vc_column_inner][\/vc_row_inner][vc_row_inner css=\u00bb.vc_custom_1451926182527{padding-top: 30px !important;padding-bottom: 30px !important;}\u00bb][vc_column_inner width=\u00bb1\/6&#8243;][\/vc_column_inner][vc_column_inner width=\u00bb2\/3&#8243;][vc_single_image image=\u00bb1320&#8243; img_size=\u00bb600&#215;399&#8243; alignment=\u00bbcenter\u00bb][\/vc_column_inner][vc_column_inner width=\u00bb1\/6&#8243;][\/vc_column_inner][\/vc_row_inner][vc_row_inner][vc_column_inner][vc_column_text el_class=\u00bbtmlawyer_textbox_2&#8243;]<\/p>\n<p style=\"text-align: justify;\">Asimismo, y siguiendo con su formaci\u00f3n, asiste a diversos Seminarios y Ponencias referentes a asuntos tales como:<\/p>\n<ul style=\"text-align: justify;\">\n<li>Aspectos Jur\u00eddicos de la Obra Nueva.<\/li>\n<li>La fundaci\u00f3n de las Gestor\u00edas Administrativas en el Sector Inmobiliario.<\/li>\n<li>El sistema notarial espa\u00f1ol.<\/li>\n<li>Los pr\u00e9stamos hipotecarios.<\/li>\n<li>Los productos financieros<\/li>\n<li>El P.G.O.U. y el Planeamiento urban\u00edstico.<\/li>\n<li>La promoci\u00f3n inmobiliaria.<\/li>\n<li>El control de las cl\u00e1usulas abusivas en la reciente jurisprudencia del Tribunal Supremo y Tribunal de Justicia de la Uni\u00f3n Europea.<\/li>\n<\/ul>\n<p style=\"text-align: justify;\">En definitiva, <strong>Garc\u00eda &amp; Garrido Abogados <\/strong>se presenta como un despacho profesional, que pretende dar respuesta a todas las necesidades de asesoramiento y representaci\u00f3n legal que pueda necesitar cada uno de nuestros clientes.<\/p>\n<p style=\"text-align: justify;\">Le ofrecemos calidad, dedicaci\u00f3n, atenci\u00f3n personalizada y aut\u00e9ntica vocaci\u00f3n por nuestro oficio.<\/p>\n<p style=\"text-align: justify;\">Utilice el formulario de contacto si desea enviarnos una consulta o ponerse en contacto con nosotros.<\/p>\n<p>[\/vc_column_text][\/vc_column_inner][\/vc_row_inner][\/vc_column][\/vc_row][vc_row full_width=\u00bbstretch_row_content_no_spaces\u00bb css=\u00bb.vc_custom_1451907649807{padding-top: 80px !important;padding-bottom: 80px !important;background-image: url(https:\/\/garciaygarridoabogados.es\/staging\/wp-content\/uploads\/2016\/01\/bannerFooter.jpg?id=1091) !important;background-position: center !important;background-repeat: no-repeat !important;background-size: cover !important;}\u00bb row_bg_overlay=\u00bb#595959&#8243;][vc_column][vc_row_inner el_class=\u00bbbanner\u00bb][vc_column_inner width=\u00bb1\/4&#8243;][\/vc_column_inner][vc_column_inner width=\u00bb1\/2&#8243;][vc_column_text css_animation=\u00bbappear\u00bb el_class=\u00bbbanner\u00bb]<\/p>\n<h2 style=\"text-align: center;\"><span style=\"color: #ffffff;\"><strong>Garc\u00eda &amp; Garrido Abogados<br \/>\n<\/strong>Asesoramiento \u00f3ptimo y la mejor atenci\u00f3n.<\/span><\/h2>\n<h3 style=\"text-align: center;\"><span style=\"color: #ffffff;\">Transparencia y honestidad. Si su caso no es viable, se lo haremos saber desde el primer momento. <\/span><\/h3>\n<p>[\/vc_column_text][vc_btn title=\u00bbCONS\u00daLTENOS\u00bb style=\u00bboutline-custom\u00bb outline_custom_color=\u00bb#ffffff\u00bb outline_custom_hover_background=\u00bbrgba(102,102,102,0.22)\u00bb outline_custom_hover_text=\u00bb#ffffff\u00bb align=\u00bbcenter\u00bb css=\u00bb.vc_custom_1451913414820{margin-top: 20px !important;}\u00bb link=\u00bburl:https%3A%2F%2Fgarciaygarridoabogados.es%2Fcontacto%2F||\u00bb][\/vc_column_inner][vc_column_inner width=\u00bb1\/4&#8243;][\/vc_column_inner][\/vc_row_inner][\/vc_column][\/vc_row]<\/p>\n<\/div>","protected":false},"excerpt":{"rendered":"<p>[vc_row css=\u00bb.vc_custom_1451906017896{margin-top: 40px !important;margin-bottom: 40px !important;}\u00bb][vc_column][vc_row_inner][vc_column_inner][vc_column_text] Garc\u00eda &amp; Garrido Abogados es un despacho din\u00e1mico y multidisciplinar que tiene como objetivo atender y satisfacer todas las necesidades legales de sus clientes. Ofrece un asesoramiento jur\u00eddico integral que procura dar respuesta tanto a las necesidades judiciales como extrajudiciales. Sus profesionales parten del acercamiento de las posturas confrontadas [&hellip;]<\/p>\n","protected":false},"author":1,"featured_media":0,"parent":0,"menu_order":0,"comment_status":"closed","ping_status":"closed","template":"","meta":{"footnotes":""},"class_list":["post-1068","page","type-page","status-publish","hentry"],"aioseo_notices":[],"_links":{"self":[{"href":"https:\/\/garciaygarridoabogados.es\/staging\/wp-json\/wp\/v2\/pages\/1068","targetHints":{"allow":["GET"]}}],"collection":[{"href":"https:\/\/garciaygarridoabogados.es\/staging\/wp-json\/wp\/v2\/pages"}],"about":[{"href":"https:\/\/garciaygarridoabogados.es\/staging\/wp-json\/wp\/v2\/types\/page"}],"author":[{"embeddable":true,"href":"https:\/\/garciaygarridoabogados.es\/staging\/wp-json\/wp\/v2\/users\/1"}],"replies":[{"embeddable":true,"href":"https:\/\/garciaygarridoabogados.es\/staging\/wp-json\/wp\/v2\/comments?post=1068"}],"version-history":[{"count":5,"href":"https:\/\/garciaygarridoabogados.es\/staging\/wp-json\/wp\/v2\/pages\/1068\/revisions"}],"predecessor-version":[{"id":1324,"href":"https:\/\/garciaygarridoabogados.es\/staging\/wp-json\/wp\/v2\/pages\/1068\/revisions\/1324"}],"wp:attachment":[{"href":"https:\/\/garciaygarridoabogados.es\/staging\/wp-json\/wp\/v2\/media?parent=1068"}],"curies":[{"name":"wp","href":"https:\/\/api.w.org\/{rel}","templated":true}]}}