{"id":1316,"date":"2016-01-08T13:13:12","date_gmt":"2016-01-08T13:13:12","guid":{"rendered":"https:\/\/garciaygarridoabogados.es\/staging\/?page_id=1316"},"modified":"2023-02-03T10:06:08","modified_gmt":"2023-02-03T10:06:08","slug":"lopd","status":"publish","type":"page","link":"https:\/\/garciaygarridoabogados.es\/staging\/lopd\/","title":{"rendered":"Pol\u00edtica de Privacidad"},"content":{"rendered":"<div class=\"wpb-content-wrapper\"><p>[vc_row css=\u00bb.vc_custom_1452258820759{margin-top: 40px !important;margin-bottom: 40px !important;}\u00bb][vc_column][vc_row_inner][vc_column_inner][vc_column_text]<strong>POLITICA DE PRIVACIDAD<\/strong><\/p>\n<p>Jos\u00e9 Rafael Garc\u00eda G\u00f3mez es el responsable del tratamiento de los datos personales de los usuarios de este sitio web. Informamos que estos datos ser\u00e1n tratados de conformidad con lo dispuesto en el Reglamento (UE) 2016\/679 del Parlamento Europeo y del Consejo, de 27 de abril de 2016 relativo a la protecci\u00f3n de las personas f\u00edsicas en lo que respecta al tratamiento de datos personales y a la libre circulaci\u00f3n de estos datos.<\/p>\n<p><strong>1.- Finalidad del Tratamiento:\u00a0<\/strong>Es mantener una relaci\u00f3n comercial con el usuario de este sitio web. Para realizar el tratamiento las operaciones previstas son:<\/p>\n<p>.- Tramitar encargos, solicitudes o cualquier tipo de petici\u00f3n que sea realizada por el usuario a trav\u00e9s de cualquiera de las formas de contacto que se ponen a su disposici\u00f3n.<\/p>\n<p>.- Env\u00edo de comunicaciones comerciales publicitarias relacionadas con nuestros productos y servicios por cualquier medio electr\u00f3nico o f\u00edsico, presente o futuro, que posibilite realizar comunicaciones comerciales.<\/p>\n<p><strong>2.- Conservaci\u00f3n de los datos :\u00a0<\/strong>se conservaran mientras existan un inter\u00e9s mutuo de mantener el fin del tratamiento . Cuando ya no sean necesarios para tal fin\u00a0 se suprimir\u00e1n con medidas de seguridad adecuadas para garantizar la total destrucci\u00f3n de los mismos.<\/p>\n<p><strong>3.- Comunicaci\u00f3n de los datos:\u00a0\u00a0<\/strong>Al usuario le asisten los derechos de acceso, rectificaci\u00f3n , supresi\u00f3n , oposici\u00f3n y portabilidad de sus datos. Al igual que el derecho a presentar una reclamaci\u00f3n ante la autoridad de control,\u00a0<a href=\"http:\/\/www.agpd.es\">www.agpd.es<\/a>\u00a0, si considera que el tratamiento no se ajusta a la normativa vigente.<\/p>\n<p>Para ejercer su derecho el usuario debe enviar D.N.I. o pasaporte a:<\/p>\n<p>Jos\u00e9 Rafael Garc\u00eda G\u00f3mez con D.N,I. 02231036 J\u00a0 y con domicilio en Calle Fern\u00e1ndez de Guadalupe, n\u00ba 16, 1\u00baA, C.P. 41008 de Sevilla (Sevilla), y correo electr\u00f3nico rafagarciabogado@gmail.com<\/p>\n<p><strong>4.- Car\u00e1cter obligatorio de la informaci\u00f3n facilitada por el usuario:\u00a0<\/strong>Los usuarios mediante la marcaci\u00f3n de la casilla correspondiente, aceptan expresamente y de forma libre e inequ\u00edvoca, que sus datos son necesarios para atender su petici\u00f3n por parte del prestador. El usuario garantiza que los datos personales facilitados son veraces y se hace responsable de comunicar cualquier modificaci\u00f3n de los mismos.<\/p>\n<p>Jos\u00e9 Rafael Garc\u00eda G\u00f3mez informa y garantiza expresamente a los usuarios que sus datos personales no ser\u00e1n cedidos en ning\u00fan caso a terceros, y si se realizara alg\u00fan tipo de cesi\u00f3n de datos personales , se pedir\u00e1 previamente el consentimiento expreso , informado e inequ\u00edvoco por parte de los usuarios.<\/p>\n<p>Todos los datos solicitados a trav\u00e9s del servicio web son obligatorios, ya que son necesarios para la prestaci\u00f3n del servicio, en caso de que no se faciliten todos los datos, no se garantiza que la informaci\u00f3n y el servicio que el prestador le facilite, sean ajustados completamente a sus necesidades .<\/p>\n<p><strong>Medidas de Seguridad :\u00a0<\/strong>De conformidad con lo dispuesto en las normativas vigentes en materia de protecci\u00f3n de datos personales, el prestador est\u00e1 cumpliendo con todas las disposiciones de las normativas para el tratamiento de datos personales y los principios descritos\u00a0 en el art\u00edculo 5 del RGPD.<\/p>\n<p>Se garantiza que se han implementado pol\u00edticas t\u00e9cnicas y organizativas apropiadas para aplicar las medidas de seguridad que establece el RGPD con el fin de proteger los derechos y libertades de los usuarios y les ha comunicado la informaci\u00f3n adecuada para que puedan ejercerlos[\/vc_column_text][\/vc_column_inner][\/vc_row_inner][\/vc_column][\/vc_row]<\/p>\n<\/div>","protected":false},"excerpt":{"rendered":"<p>[vc_row css=\u00bb.vc_custom_1452258820759{margin-top: 40px !important;margin-bottom: 40px !important;}\u00bb][vc_column][vc_row_inner][vc_column_inner][vc_column_text]POLITICA DE PRIVACIDAD Jos\u00e9 Rafael Garc\u00eda G\u00f3mez es el responsable del tratamiento de los datos personales de los usuarios de este sitio web. Informamos que estos datos ser\u00e1n tratados de conformidad con lo dispuesto en el Reglamento (UE) 2016\/679 del Parlamento Europeo y del Consejo, de 27 de abril de [&hellip;]<\/p>\n","protected":false},"author":1,"featured_media":0,"parent":0,"menu_order":0,"comment_status":"closed","ping_status":"closed","template":"","meta":{"footnotes":""},"class_list":["post-1316","page","type-page","status-publish","hentry"],"aioseo_notices":[],"_links":{"self":[{"href":"https:\/\/garciaygarridoabogados.es\/staging\/wp-json\/wp\/v2\/pages\/1316","targetHints":{"allow":["GET"]}}],"collection":[{"href":"https:\/\/garciaygarridoabogados.es\/staging\/wp-json\/wp\/v2\/pages"}],"about":[{"href":"https:\/\/garciaygarridoabogados.es\/staging\/wp-json\/wp\/v2\/types\/page"}],"author":[{"embeddable":true,"href":"https:\/\/garciaygarridoabogados.es\/staging\/wp-json\/wp\/v2\/users\/1"}],"replies":[{"embeddable":true,"href":"https:\/\/garciaygarridoabogados.es\/staging\/wp-json\/wp\/v2\/comments?post=1316"}],"version-history":[{"count":4,"href":"https:\/\/garciaygarridoabogados.es\/staging\/wp-json\/wp\/v2\/pages\/1316\/revisions"}],"predecessor-version":[{"id":1541,"href":"https:\/\/garciaygarridoabogados.es\/staging\/wp-json\/wp\/v2\/pages\/1316\/revisions\/1541"}],"wp:attachment":[{"href":"https:\/\/garciaygarridoabogados.es\/staging\/wp-json\/wp\/v2\/media?parent=1316"}],"curies":[{"name":"wp","href":"https:\/\/api.w.org\/{rel}","templated":true}]}}