{"id":1500,"date":"2023-02-02T16:11:18","date_gmt":"2023-02-02T16:11:18","guid":{"rendered":"https:\/\/garciaygarridoabogados.es\/staging\/?page_id=1500"},"modified":"2026-01-15T10:57:22","modified_gmt":"2026-01-15T10:57:22","slug":"abogados-separaciones-divorcios-en-sevilla","status":"publish","type":"page","link":"https:\/\/garciaygarridoabogados.es\/staging\/abogados-separaciones-divorcios-en-sevilla\/","title":{"rendered":"Abogados separaciones divorcios Sevilla"},"content":{"rendered":"<div class=\"wpb-content-wrapper\"><p>[vc_row css=\u00bb.vc_custom_1451910025096{margin-top: 30px !important;margin-bottom: 20px !important;}\u00bb][vc_column][vc_row_inner css=\u00bb.vc_custom_1675354423989{padding-top: 20px !important;padding-bottom: 40px !important;}\u00bb][vc_column_inner width=\u00bb1\/6&#8243;][\/vc_column_inner][vc_column_inner width=\u00bb2\/3&#8243;][vc_column_text css_animation=\u00bbappear\u00bb]<\/p>\n<blockquote>\n<h2 style=\"text-align: center;\">Garc\u00eda &amp; Garrido Abogados Separaciones Divorcios en Sevilla. Especialistas en Derecho de Familia.<\/h2>\n<\/blockquote>\n<p>[\/vc_column_text][\/vc_column_inner][vc_column_inner width=\u00bb1\/6&#8243;][\/vc_column_inner][\/vc_row_inner][vc_row_inner][vc_column_inner][vc_column_text el_class=\u00bbtmlawyer_textbox_2&#8243;]<strong>Garc\u00eda &amp; Garrido Abogados <\/strong>es una firma especializada en Derecho de Familia, \u00e1rea que precisa de una atenci\u00f3n particular dado el car\u00e1cter personal y privado y la trascendencia y repercusi\u00f3n de los asuntos tratados para la vida futura de cada cliente.[\/vc_column_text][vc_column_text el_class=\u00bbtmlawyer_textbox_2&#8243; css=\u00bb.vc_custom_1675354499693{padding-top: 20px !important;padding-bottom: 20px !important;}\u00bb]<\/p>\n<h3 style=\"text-align: center;\">\u00bfDivorcio contencioso?, \u00bfDivorcio de mutuo acuerdo?, \u00bfCustodia compartida? \u00bfC\u00f3mo repartimos los bienes comunes? <strong>Garc\u00eda &amp; Garrido Abogados: Resolvemos sus dudas.<\/strong><\/h3>\n<p>[\/vc_column_text][vc_column_text el_class=\u00bbtmlawyer_textbox_2&#8243; css=\u00bb.vc_custom_1675415124412{padding-top: 20px !important;padding-bottom: 20px !important;}\u00bb]Nuestros abogados separaciones divorcios en Sevilla son conscientes de la compleja situaci\u00f3n por la que atraviesan nuestros clientes ante una <strong>ruptura familiar<\/strong>, por ello ofrecemos un <strong>asesoramiento claro y directo<\/strong> informando de las <strong>alternativas posibles<\/strong> y previendo posibles situaciones que pueden llegar a ser m\u00e1s complejas y dif\u00edciles de dirimir transcurrido el tiempo.<\/p>\n<p>Tras una ruptura familiar son muchos los interrogantes que se plantean, <strong>Garc\u00eda &amp; Garrido Abogados<\/strong> pondr\u00e1 a su servicio toda su experiencia y conocimientos para ofrecer la soluci\u00f3n \u00f3ptima ante cada situaci\u00f3n de conflicto familiar que se plantee.<\/p>\n<p>La experiencia de nuestro despacho en el campo del <a href=\"https:\/\/garciaygarridoabogados.es\/staging\/derecho-de-familia\/\">Derecho de Familia<\/a> nos avala como una firma especializada de abogados separaciones divorcios en Sevilla. Nuestros expertos abogados separaciones y divorcios en Sevilla le ofrecen una <strong>atenci\u00f3n profesional<\/strong> y <strong>especializada<\/strong>, y unos <strong>servicios de calidad<\/strong> basados en la <strong>experiencia<\/strong> y los <strong>conocimientos profundos<\/strong> en esta materia.[\/vc_column_text][\/vc_column_inner][\/vc_row_inner][vc_row_inner][vc_column_inner][vc_single_image image=\u00bb1508&#8243; img_size=\u00bb600&#215;400&#8243; alignment=\u00bbcenter\u00bb css=\u00bb.vc_custom_1675414492315{padding-top: 20px !important;padding-bottom: 40px !important;}\u00bb][\/vc_column_inner][\/vc_row_inner][vc_row_inner css=\u00bb.vc_custom_1451929306598{padding-top: 30px !important;padding-bottom: 40px !important;}\u00bb][vc_column_inner][vc_column_text el_class=\u00bbtmlawyer_textbox_2&#8243;]Podemos atenderle ante aspectos como:<\/p>\n<ul>\n<li>Separaciones<\/li>\n<li>Divorcio Contencioso\/Mutuo Acuerdo<\/li>\n<li>Parejas de Hecho<\/li>\n<li>Pensiones Compensatorias\/ Pensi\u00f3n de Alimentos<\/li>\n<li>Liquidaci\u00f3n de Gananciales<\/li>\n<li>Modificaci\u00f3n de Medidas<\/li>\n<li>Nulidades Matrimoniales<\/li>\n<li>Guarda y Custodia<\/li>\n<li>Custodia Compartida<\/li>\n<li>R\u00e9gimen de Visitas<\/li>\n<li>Medidas de apoyo para las personas con discapacidad<\/li>\n<li>Paternidad\/Filiaci\u00f3n<\/li>\n<li>Etc<\/li>\n<\/ul>\n<p>[\/vc_column_text][\/vc_column_inner][\/vc_row_inner][vc_row_inner css=\u00bb.vc_custom_1675414742354{padding-bottom: 40px !important;}\u00bb][vc_column_inner][vc_column_text el_class=\u00bbtmlawyer_textbox_2&#8243;]<\/p>\n<blockquote>\n<h3 style=\"text-align: center;\">Nuestro compromiso es la abogac\u00eda de calidad. Nuestros abogados separaciones divorcios en Sevilla le ofrecen un servicio de calidad, un trato cercano y un marco propicio para el di\u00e1logo y el acercamiento de posturas.<\/h3>\n<\/blockquote>\n<p>[\/vc_column_text][\/vc_column_inner][\/vc_row_inner][vc_row_inner][vc_column_inner][vc_column_text el_class=\u00bbtmlawyer_textbox_2&#8243;]Nuestros expertos abogados separaciones y divorcios en Sevilla abordan la ruptura familiar bien, <strong>a trav\u00e9s del di\u00e1logo y el acercamiento de posturas<\/strong>, es decir, a trav\u00e9s de la v\u00eda de la <strong>Mediaci\u00f3n <\/strong>y la<strong> Conciliaci\u00f3n<\/strong>, o en el caso de que no pueda prosperar su separaci\u00f3n o divorcio <strong>de manera extrajudicial<\/strong>, nuestros abogados representar\u00e1n y defender\u00e1n su postura ante los Tribunales con todas las garant\u00edas.<\/p>\n<p><strong>Garc\u00eda &amp; Garrido Abogados<\/strong> es un despacho de abogados separaciones y divorcios con sede f\u00edsica en Sevilla\u00a0 que\u00a0 trabaja cada d\u00eda con las premisas de <strong>velar por los derechos del menor<\/strong> y <strong>los de los m\u00e1s desprotegidos<\/strong> tras la ruptura familiar.<\/p>\n<p>Para nuestros abogados separaciones divorcios en Sevilla es, asimismo, de gran importancia el <strong>compromiso<\/strong> <strong>con el cliente y con la calidad de los servicios que prestamos<\/strong>[\/vc_column_text][\/vc_column_inner][\/vc_row_inner][vc_row_inner css=\u00bb.vc_custom_1451910243263{padding-top: 20px !important;padding-bottom: 20px !important;}\u00bb][vc_column_inner width=\u00bb1\/6&#8243;][\/vc_column_inner][vc_column_inner width=\u00bb2\/3&#8243;][vc_column_text css_animation=\u00bbappear\u00bb]<\/p>\n<blockquote>\n<h3 style=\"text-align: center;\">Encontrar\u00e1 nuestro despacho de abogados separaciones divorcios en Sevilla en calle Fern\u00e1ndez de Guadalupe, n\u00ba16. Puede contactar con nosotros a trav\u00e9s del medio que prefiera<\/h3>\n<\/blockquote>\n<p>[\/vc_column_text][\/vc_column_inner][vc_column_inner width=\u00bb1\/6&#8243;][\/vc_column_inner][\/vc_row_inner][\/vc_column][\/vc_row][vc_row full_width=\u00bbstretch_row_content_no_spaces\u00bb css=\u00bb.vc_custom_1447146882682{margin-bottom: 0px !important;}\u00bb][vc_column width=\u00bb1\/2&#8243; css=\u00bb.vc_custom_1451028838939{background-color: #efefef !important;}\u00bb el_class=\u00bbtmlawyer_bg_cover tmlawyer_contact_form\u00bb][vc_custom_heading text=\u00bbENV\u00cdE SU CONSULTA\u00bb font_container=\u00bbtag:h2|font_size:30|text_align:center|color:%23333333&#8243; use_theme_fonts=\u00bbyes\u00bb el_class=\u00bbheading_center\u00bb css=\u00bb.vc_custom_1451999325286{margin-top: 100px !important;}\u00bb]\n<div class=\"wpcf7 no-js\" id=\"wpcf7-f985-o1\" lang=\"en-US\" dir=\"ltr\" data-wpcf7-id=\"985\">\n<div class=\"screen-reader-response\"><p role=\"status\" aria-live=\"polite\" aria-atomic=\"true\"><\/p> <ul><\/ul><\/div>\n<form action=\"\/staging\/wp-json\/wp\/v2\/pages\/1500#wpcf7-f985-o1\" method=\"post\" class=\"wpcf7-form init wpcf7-acceptance-as-validation\" aria-label=\"Contact form\" novalidate=\"novalidate\" data-status=\"init\">\n<fieldset class=\"hidden-fields-container\"><input type=\"hidden\" name=\"_wpcf7\" value=\"985\" \/><input type=\"hidden\" name=\"_wpcf7_version\" value=\"6.1.5\" \/><input type=\"hidden\" name=\"_wpcf7_locale\" value=\"en_US\" \/><input type=\"hidden\" name=\"_wpcf7_unit_tag\" value=\"wpcf7-f985-o1\" \/><input type=\"hidden\" name=\"_wpcf7_container_post\" value=\"0\" \/><input type=\"hidden\" name=\"_wpcf7_posted_data_hash\" value=\"\" \/>\n<\/fieldset>\n<p><span class=\"wpcf7-form-control-wrap\" data-name=\"your-name\"><input size=\"40\" maxlength=\"400\" class=\"wpcf7-form-control wpcf7-text wpcf7-validates-as-required\" aria-required=\"true\" aria-invalid=\"false\" placeholder=\"Nombre *\" value=\"\" type=\"text\" name=\"your-name\" \/><\/span>\n<\/p>\n<p><span class=\"wpcf7-form-control-wrap\" data-name=\"your-email\"><input size=\"40\" maxlength=\"400\" class=\"wpcf7-form-control wpcf7-email wpcf7-validates-as-required wpcf7-text wpcf7-validates-as-email\" aria-required=\"true\" aria-invalid=\"false\" placeholder=\"Email *\" value=\"\" type=\"email\" name=\"your-email\" \/><\/span>\n<\/p>\n<p><span class=\"wpcf7-form-control-wrap\" data-name=\"your-subject\"><input size=\"40\" maxlength=\"400\" class=\"wpcf7-form-control wpcf7-text wpcf7-validates-as-required\" aria-required=\"true\" aria-invalid=\"false\" placeholder=\"Asunto\" value=\"\" type=\"text\" name=\"your-subject\" \/><\/span>\n<\/p>\n<p><span class=\"wpcf7-form-control-wrap\" data-name=\"your-message\"><textarea cols=\"40\" rows=\"10\" maxlength=\"2000\" class=\"wpcf7-form-control wpcf7-textarea wpcf7-validates-as-required\" aria-required=\"true\" aria-invalid=\"false\" placeholder=\"Su Mensaje  *\" name=\"your-message\"><\/textarea><\/span>\n<\/p>\n<p><span class=\"wpcf7-form-control-wrap\" data-name=\"you-agree\"><span class=\"wpcf7-form-control wpcf7-checkbox wpcf7-validates-as-required\"><span class=\"wpcf7-list-item first last\"><input type=\"checkbox\" name=\"you-agree[]\" value=\"*Acepto los\" \/><span class=\"wpcf7-list-item-label\">*Acepto los<\/span><\/span><\/span><\/span><a href=\"https:\/\/garciaygarridoabogados.es\/staging\/lopd\/\"> t\u00e9rminos y condiciones de la pol\u00edtica de privacidad.<\/a>\n<\/p>\n<p><input class=\"wpcf7-form-control wpcf7-submit has-spinner\" type=\"submit\" value=\"ENVIAR\" \/>\n<\/p><div class=\"wpcf7-response-output\" aria-hidden=\"true\"><\/div>\n<\/form>\n<\/div>\n[\/vc_column][vc_column width=\u00bb1\/2&#8243; el_class=\u00bbtmlawyer_contact_map\u00bb][vc_column_text]<iframe loading=\"lazy\" style=\"border: 0;\" src=\"https:\/\/www.google.com\/maps\/embed?pb=!1m18!1m12!1m3!1d3169.5378803293734!2d-5.9831536844081255!3d37.400759579829305!2m3!1f0!2f0!3f0!3m2!1i1024!2i768!4f13.1!3m3!1m2!1s0xd126eaae3e34567%3A0xcf37e071a4733d7e!2sGarcia%20%26%20Garrido%20Abogados!5e0!3m2!1ses!2ses!4v1622132181790!5m2!1ses!2ses\" width=\"100%\" height=\"600\" allowfullscreen=\"allowfullscreen\" data-mce-fragment=\"1\"><\/iframe>[\/vc_column_text][\/vc_column][\/vc_row][vc_row full_width=\u00bbstretch_row\u00bb css=\u00bb.vc_custom_1451922854929{margin-bottom: 0px !important;padding-top: 70px !important;padding-bottom: 40px !important;}\u00bb][vc_column width=\u00bb1\/3&#8243; css=\u00bb.vc_custom_1447313061893{margin-bottom: 30px !important;}\u00bb][vc_icon icon_fontawesome=\u00bbfa fa-phone\u00bb color=\u00bbcustom\u00bb background_style=\u00bbboxed-outline\u00bb background_color=\u00bbwhite\u00bb align=\u00bbcenter\u00bb custom_color=\u00bb#c8a472&#8243; el_class=\u00bbtmlawyer_icon_1&#8243;][vc_custom_heading text=\u00bbContacto Por Tel\u00e9fono\u00bb font_container=\u00bbtag:div|font_size:24|text_align:center|color:%23333333&#8243; use_theme_fonts=\u00bbyes\u00bb el_class=\u00bbtext-eb-garamond\u00bb][vc_column_text el_class=\u00bbtmlawyer_contact_text\u00bb]<\/p>\n<p style=\"text-align: center;\">616 37 88 86<\/p>\n<p>[\/vc_column_text][\/vc_column][vc_column width=\u00bb1\/3&#8243; css=\u00bb.vc_custom_1447313068733{margin-bottom: 30px !important;}\u00bb][vc_icon icon_fontawesome=\u00bbfa fa-envelope-o\u00bb color=\u00bbcustom\u00bb background_style=\u00bbboxed-outline\u00bb background_color=\u00bbwhite\u00bb align=\u00bbcenter\u00bb custom_color=\u00bb#c8a472&#8243; el_class=\u00bbtmlawyer_icon_1&#8243;][vc_custom_heading text=\u00bbContacto Por Email\u00bb font_container=\u00bbtag:div|font_size:24|text_align:center|color:%23333333&#8243; use_theme_fonts=\u00bbyes\u00bb el_class=\u00bbtext-eb-garamond\u00bb][vc_column_text el_class=\u00bbtmlawyer_contact_text\u00bb]<\/p>\n<p style=\"text-align: center;\">rafagarciabogado@gmail.com<\/p>\n<p>[\/vc_column_text][\/vc_column][vc_column width=\u00bb1\/3&#8243; css=\u00bb.vc_custom_1447313076445{margin-bottom: 30px !important;}\u00bb][vc_icon icon_fontawesome=\u00bbfa fa-map-marker\u00bb color=\u00bbcustom\u00bb background_style=\u00bbboxed-outline\u00bb background_color=\u00bbwhite\u00bb align=\u00bbcenter\u00bb custom_color=\u00bb#c8a472&#8243; el_class=\u00bbtmlawyer_icon_1&#8243;][vc_custom_heading text=\u00bbVis\u00edtenos\u00bb font_container=\u00bbtag:div|font_size:24|text_align:center|color:%23333333&#8243; use_theme_fonts=\u00bbyes\u00bb el_class=\u00bbtext-eb-garamond\u00bb][vc_column_text el_class=\u00bbtmlawyer_contact_text\u00bb]<\/p>\n<p style=\"text-align: center;\">C\/ Fern\u00e1ndez deGuadalupe 16, 1\u00ba A,<br \/>\n41008, SEVILLA<\/p>\n<p>[\/vc_column_text][\/vc_column][\/vc_row][vc_row full_width=\u00bbstretch_row_content_no_spaces\u00bb css=\u00bb.vc_custom_1451907649807{padding-top: 80px !important;padding-bottom: 80px !important;background-image: url(https:\/\/garciaygarridoabogados.es\/staging\/wp-content\/uploads\/2016\/01\/bannerFooter.jpg?id=1091) !important;background-position: center !important;background-repeat: no-repeat !important;background-size: cover !important;}\u00bb row_bg_overlay=\u00bb#595959&#8243;][vc_column][vc_row_inner el_class=\u00bbbanner\u00bb][vc_column_inner width=\u00bb1\/4&#8243;][\/vc_column_inner][vc_column_inner width=\u00bb1\/2&#8243;][vc_column_text css_animation=\u00bbappear\u00bb el_class=\u00bbbanner\u00bb]<\/p>\n<h2 style=\"text-align: center;\"><span style=\"color: #ffffff;\"><strong>Garc\u00eda &amp; Garrido Abogados<br \/>\n<\/strong>Compromiso, confidencialidad, calidad. Servicios jur\u00eddicos de calidad para clientes exigentes que buscan soluciones r\u00e1pidas y efectivas.<\/span><\/h2>\n<p>[\/vc_column_text][vc_btn title=\u00bbCONS\u00daLTENOS\u00bb style=\u00bboutline-custom\u00bb outline_custom_color=\u00bb#ffffff\u00bb outline_custom_hover_background=\u00bbrgba(102,102,102,0.22)\u00bb outline_custom_hover_text=\u00bb#ffffff\u00bb align=\u00bbcenter\u00bb css=\u00bb.vc_custom_1451913444753{margin-top: 20px !important;}\u00bb link=\u00bburl:https%3A%2F%2Fgarciaygarridoabogados.es%2Fcontacto%2F||\u00bb][\/vc_column_inner][vc_column_inner width=\u00bb1\/4&#8243;][\/vc_column_inner][\/vc_row_inner][\/vc_column][\/vc_row][vc_row][vc_column width=\u00bb1\/4&#8243;][\/vc_column][vc_column width=\u00bb1\/2&#8243;][vc_single_image image=\u00bb1545&#8243; img_size=\u00bb300&#215;77&#8243; alignment=\u00bbcenter\u00bb][\/vc_column][vc_column width=\u00bb1\/4&#8243;][\/vc_column][\/vc_row]<\/p>\n<\/div>","protected":false},"excerpt":{"rendered":"<p>[vc_row css=\u00bb.vc_custom_1451910025096{margin-top: 30px !important;margin-bottom: 20px !important;}\u00bb][vc_column][vc_row_inner css=\u00bb.vc_custom_1675354423989{padding-top: 20px !important;padding-bottom: 40px !important;}\u00bb][vc_column_inner width=\u00bb1\/6&#8243;][\/vc_column_inner][vc_column_inner width=\u00bb2\/3&#8243;][vc_column_text css_animation=\u00bbappear\u00bb] Garc\u00eda &amp; Garrido Abogados Separaciones Divorcios en Sevilla. Especialistas en Derecho de Familia. [\/vc_column_text][\/vc_column_inner][vc_column_inner width=\u00bb1\/6&#8243;][\/vc_column_inner][\/vc_row_inner][vc_row_inner][vc_column_inner][vc_column_text el_class=\u00bbtmlawyer_textbox_2&#8243;]Garc\u00eda &amp; Garrido Abogados es una firma especializada en Derecho de Familia, \u00e1rea que precisa de una atenci\u00f3n particular dado el car\u00e1cter personal y privado y [&hellip;]<\/p>\n","protected":false},"author":1,"featured_media":0,"parent":0,"menu_order":0,"comment_status":"closed","ping_status":"closed","template":"","meta":{"footnotes":""},"class_list":["post-1500","page","type-page","status-publish","hentry"],"aioseo_notices":[],"_links":{"self":[{"href":"https:\/\/garciaygarridoabogados.es\/staging\/wp-json\/wp\/v2\/pages\/1500","targetHints":{"allow":["GET"]}}],"collection":[{"href":"https:\/\/garciaygarridoabogados.es\/staging\/wp-json\/wp\/v2\/pages"}],"about":[{"href":"https:\/\/garciaygarridoabogados.es\/staging\/wp-json\/wp\/v2\/types\/page"}],"author":[{"embeddable":true,"href":"https:\/\/garciaygarridoabogados.es\/staging\/wp-json\/wp\/v2\/users\/1"}],"replies":[{"embeddable":true,"href":"https:\/\/garciaygarridoabogados.es\/staging\/wp-json\/wp\/v2\/comments?post=1500"}],"version-history":[{"count":5,"href":"https:\/\/garciaygarridoabogados.es\/staging\/wp-json\/wp\/v2\/pages\/1500\/revisions"}],"predecessor-version":[{"id":1549,"href":"https:\/\/garciaygarridoabogados.es\/staging\/wp-json\/wp\/v2\/pages\/1500\/revisions\/1549"}],"wp:attachment":[{"href":"https:\/\/garciaygarridoabogados.es\/staging\/wp-json\/wp\/v2\/media?parent=1500"}],"curies":[{"name":"wp","href":"https:\/\/api.w.org\/{rel}","templated":true}]}}