{"id":1528,"date":"2023-02-03T09:39:46","date_gmt":"2023-02-03T09:39:46","guid":{"rendered":"https:\/\/garciaygarridoabogados.es\/staging\/?page_id=1528"},"modified":"2026-01-15T10:51:18","modified_gmt":"2026-01-15T10:51:18","slug":"abogados-herencias-sucesiones-sevilla","status":"publish","type":"page","link":"https:\/\/garciaygarridoabogados.es\/staging\/abogados-herencias-sucesiones-sevilla\/","title":{"rendered":"Abogados herencias y sucesiones Sevilla"},"content":{"rendered":"<div class=\"wpb-content-wrapper\"><p>[vc_row css=\u00bb.vc_custom_1451910025096{margin-top: 30px !important;margin-bottom: 20px !important;}\u00bb][vc_column][vc_row_inner css=\u00bb.vc_custom_1675354423989{padding-top: 20px !important;padding-bottom: 40px !important;}\u00bb][vc_column_inner width=\u00bb1\/6&#8243;][\/vc_column_inner][vc_column_inner width=\u00bb2\/3&#8243;][vc_column_text css_animation=\u00bbappear\u00bb]<\/p>\n<blockquote>\n<h2 style=\"text-align: center;\">Garc\u00eda &amp; Garrido Abogados Herencias y sucesiones en Sevilla. Especialistas en Derecho Sucesorio.<\/h2>\n<\/blockquote>\n<p>[\/vc_column_text][\/vc_column_inner][vc_column_inner width=\u00bb1\/6&#8243;][\/vc_column_inner][\/vc_row_inner][vc_row_inner][vc_column_inner][vc_column_text el_class=\u00bbtmlawyer_textbox_2&#8243;]Nuestra firma\u00a0presta una atenci\u00f3n particular a los asuntos legales relativos a <strong>herencias y testamentar\u00eda<\/strong>.<\/p>\n<p>Podemos asistirle, asesorarle y representarle ante cuestiones legales relativas a:<\/p>\n<ul>\n<li>\u00a0Testamento: Redacci\u00f3n\/ Modificaci\u00f3n<\/li>\n<li>\u00a0Aceptaci\u00f3n de Herencia<\/li>\n<li>\u00a0Cuadernos Particionales<\/li>\n<li>\u00a0Poderes notariales<\/li>\n<li>\u00a0Divisi\u00f3n judicial del patrimonio<\/li>\n<li>\u00a0Tramitaci\u00f3n de impuestos<\/li>\n<li>Etc.<\/li>\n<\/ul>\n<p>Nuestro despacho de expertos abogados herencias sucesiones Sevilla, le propone un <strong>asesoramiento preventivo<\/strong> en cuestiones relativas a las <strong>disposiciones de su testamento<\/strong>, sus <strong>repercusiones fiscales<\/strong> o las diferentes alternativas posibles que mejor se adecuen a sus intereses[\/vc_column_text][vc_column_text el_class=\u00bbtmlawyer_textbox_2&#8243; css=\u00bb.vc_custom_1675417301732{padding-top: 20px !important;padding-bottom: 20px !important;}\u00bb]<\/p>\n<h3 style=\"text-align: center;\"><strong>Garc\u00eda &amp; Garrido Abogados <\/strong>Herencias y sucesiones en Sevilla<strong>. <\/strong>Cons\u00faltenos ante una aceptaci\u00f3n o renuncia de una herencia, una reclamaci\u00f3n de herencia o cualquier otra cuesti\u00f3n relativa a una sucesi\u00f3n.<\/h3>\n<p>[\/vc_column_text][vc_column_text el_class=\u00bbtmlawyer_textbox_2&#8243; css=\u00bb.vc_custom_1675417897346{padding-top: 20px !important;padding-bottom: 20px !important;}\u00bb]Nuestros <strong>abogados herencias sucesiones Sevilla<\/strong> son conscientes de\u00a0 la importancia de un buen asesoramiento al a hora de redactar su testamento. Sabemos que, ante este tipo de asuntos, es crucial tener la seguridad de que todo lo dispuesto por usted beneficiar\u00e1 a sus allegados a la vez que cumplir\u00e1 estrictamente con las leyes que lo regulan.<\/p>\n<p>Velamos por sus intereses y le proporcionamos \u00a0el mejor asesoramiento en materia de herencias y sucesiones Sevilla.<\/p>\n<p>Nuestros abogados herencias \u00a0sucesiones Sevilla se ocupar\u00e1n\u00a0 de:<\/p>\n<ul>\n<li>Organizar y prever correctamente el destino y reparto de los propios bienes<\/li>\n<li>Asegurar que las disposiciones del testador se cumplan estrictamente<\/li>\n<li>Optimizar el pago de impuestos de Sucesiones y Donaciones<\/li>\n<li>Evitar a los herederos mayores costes fiscales<\/li>\n<li>Defender los derechos de los herederos tanto en la renuncia como en la aceptaci\u00f3n de herencia<\/li>\n<\/ul>\n<p>En nuestro despacho encontrar\u00e1<a href=\"https:\/\/garciaygarridoabogados.es\/staging\/derecho-civil\/\"><strong> expertos abogados<\/strong><\/a> herencias y sucesiones Sevilla que le asesorar\u00e1n ante cualquier duda respecto <strong>a testamentos<\/strong>, <strong>herencias<\/strong>, <strong>partici\u00f3n de herencias<\/strong>, <strong>impuestos derivados<\/strong> de la herencia, etc[\/vc_column_text][\/vc_column_inner][\/vc_row_inner][vc_row_inner][vc_column_inner][vc_single_image image=\u00bb1535&#8243; img_size=\u00bb600&#215;400&#8243; alignment=\u00bbcenter\u00bb css=\u00bb.vc_custom_1675417447633{padding-top: 20px !important;padding-bottom: 40px !important;}\u00bb][\/vc_column_inner][\/vc_row_inner][vc_row_inner css=\u00bb.vc_custom_1675414742354{padding-bottom: 40px !important;}\u00bb][vc_column_inner][vc_column_text el_class=\u00bbtmlawyer_textbox_2&#8243;]<\/p>\n<blockquote>\n<h3 style=\"text-align: center;\"><strong>Garc\u00eda &amp; Garrido Abogados Herencias y sucesiones en Sevilla<\/strong>. Soluciones f\u00e1ciles para temas complejos. Contacte con nuestra firma.<\/h3>\n<\/blockquote>\n<p>[\/vc_column_text][\/vc_column_inner][\/vc_row_inner][vc_row_inner css=\u00bb.vc_custom_1451929306598{padding-top: 30px !important;padding-bottom: 40px !important;}\u00bb][vc_column_inner][vc_column_text el_class=\u00bbtmlawyer_textbox_2&#8243;]Nuestros abogados herencias \u00a0sucesiones Sevilla son conocedores de la <strong>redacci\u00f3n de un \u00a0testamento<\/strong> en los t\u00e9rminos \u00f3ptimos, la <strong>reclamaci\u00f3n de una herencia<\/strong>, la <strong>partici\u00f3n correcta de la misma<\/strong>, la <strong>negociaci\u00f3n con el resto de herederos<\/strong> o <strong>acreedores<\/strong> y por ello mantienen una filosof\u00eda clara de tratar de llegar a un <strong>acuerdo extrajudicial<\/strong> como v\u00eda m\u00e1s r\u00e1pida y econ\u00f3mica para resolver el conflicto.<\/p>\n<p>Tendr\u00e1 la seguridad de ser atendido por expertos abogados herencias sucesiones Sevilla que le asesorar\u00e1n en asuntos tan importantes como son\u00a0<strong>los Impuestos de Sucesiones<\/strong>,\u00a0<strong>Donaciones<\/strong>,\u00a0<strong>Transmisiones Patrimoniales<\/strong>,\u00a0<strong>Plusval\u00eda municipal, etc.\u00a0<\/strong><\/p>\n<p>Buscando una <strong>soluci\u00f3n eficaz y satisfactoria<\/strong> a los conflictos legales, nuestros abogados\u00a0 herencias\u00a0 sucesiones Sevilla, <strong>parten de una postura mediadora<\/strong> para alcanzar acuerdos satisfactorios en <strong>fase prejudicial<\/strong>.<\/p>\n<p>No obstante, nuestros abogados herencias y sucesiones Sevilla le representar\u00e1n ante los Tribunales, en el caso de que se haya agotado la v\u00eda de la conciliaci\u00f3n sin \u00e9xito, con el <strong>rigor y la eficacia<\/strong> que precise.[\/vc_column_text][\/vc_column_inner][\/vc_row_inner][vc_row_inner css=\u00bb.vc_custom_1451910243263{padding-top: 20px !important;padding-bottom: 20px !important;}\u00bb][vc_column_inner width=\u00bb1\/6&#8243;][\/vc_column_inner][vc_column_inner width=\u00bb2\/3&#8243;][vc_column_text css_animation=\u00bbappear\u00bb]<\/p>\n<blockquote>\n<h3 style=\"text-align: center;\">Encontrar\u00e1 nuestro despacho de abogados herencias sucesiones Sevilla en calle Fern\u00e1ndez de Guadalupe, n\u00ba16. Puede contactar con nosotros a trav\u00e9s del medio que prefiera:<\/h3>\n<\/blockquote>\n<p>[\/vc_column_text][\/vc_column_inner][vc_column_inner width=\u00bb1\/6&#8243;][\/vc_column_inner][\/vc_row_inner][\/vc_column][\/vc_row][vc_row full_width=\u00bbstretch_row_content_no_spaces\u00bb css=\u00bb.vc_custom_1447146882682{margin-bottom: 0px !important;}\u00bb][vc_column width=\u00bb1\/2&#8243; css=\u00bb.vc_custom_1451028838939{background-color: #efefef !important;}\u00bb el_class=\u00bbtmlawyer_bg_cover tmlawyer_contact_form\u00bb][vc_custom_heading text=\u00bbENV\u00cdE SU CONSULTA\u00bb font_container=\u00bbtag:h2|font_size:30|text_align:center|color:%23333333&#8243; use_theme_fonts=\u00bbyes\u00bb el_class=\u00bbheading_center\u00bb css=\u00bb.vc_custom_1451999325286{margin-top: 100px !important;}\u00bb]\n<div class=\"wpcf7 no-js\" id=\"wpcf7-f985-o1\" lang=\"en-US\" dir=\"ltr\" data-wpcf7-id=\"985\">\n<div class=\"screen-reader-response\"><p role=\"status\" aria-live=\"polite\" aria-atomic=\"true\"><\/p> <ul><\/ul><\/div>\n<form action=\"\/staging\/wp-json\/wp\/v2\/pages\/1528#wpcf7-f985-o1\" method=\"post\" class=\"wpcf7-form init wpcf7-acceptance-as-validation\" aria-label=\"Contact form\" novalidate=\"novalidate\" data-status=\"init\">\n<fieldset class=\"hidden-fields-container\"><input type=\"hidden\" name=\"_wpcf7\" value=\"985\" \/><input type=\"hidden\" name=\"_wpcf7_version\" value=\"6.1.5\" \/><input type=\"hidden\" name=\"_wpcf7_locale\" value=\"en_US\" \/><input type=\"hidden\" name=\"_wpcf7_unit_tag\" value=\"wpcf7-f985-o1\" \/><input type=\"hidden\" name=\"_wpcf7_container_post\" value=\"0\" \/><input type=\"hidden\" name=\"_wpcf7_posted_data_hash\" value=\"\" \/>\n<\/fieldset>\n<p><span class=\"wpcf7-form-control-wrap\" data-name=\"your-name\"><input size=\"40\" maxlength=\"400\" class=\"wpcf7-form-control wpcf7-text wpcf7-validates-as-required\" aria-required=\"true\" aria-invalid=\"false\" placeholder=\"Nombre *\" value=\"\" type=\"text\" name=\"your-name\" \/><\/span>\n<\/p>\n<p><span class=\"wpcf7-form-control-wrap\" data-name=\"your-email\"><input size=\"40\" maxlength=\"400\" class=\"wpcf7-form-control wpcf7-email wpcf7-validates-as-required wpcf7-text wpcf7-validates-as-email\" aria-required=\"true\" aria-invalid=\"false\" placeholder=\"Email *\" value=\"\" type=\"email\" name=\"your-email\" \/><\/span>\n<\/p>\n<p><span class=\"wpcf7-form-control-wrap\" data-name=\"your-subject\"><input size=\"40\" maxlength=\"400\" class=\"wpcf7-form-control wpcf7-text wpcf7-validates-as-required\" aria-required=\"true\" aria-invalid=\"false\" placeholder=\"Asunto\" value=\"\" type=\"text\" name=\"your-subject\" \/><\/span>\n<\/p>\n<p><span class=\"wpcf7-form-control-wrap\" data-name=\"your-message\"><textarea cols=\"40\" rows=\"10\" maxlength=\"2000\" class=\"wpcf7-form-control wpcf7-textarea wpcf7-validates-as-required\" aria-required=\"true\" aria-invalid=\"false\" placeholder=\"Su Mensaje  *\" name=\"your-message\"><\/textarea><\/span>\n<\/p>\n<p><span class=\"wpcf7-form-control-wrap\" data-name=\"you-agree\"><span class=\"wpcf7-form-control wpcf7-checkbox wpcf7-validates-as-required\"><span class=\"wpcf7-list-item first last\"><input type=\"checkbox\" name=\"you-agree[]\" value=\"*Acepto los\" \/><span class=\"wpcf7-list-item-label\">*Acepto los<\/span><\/span><\/span><\/span><a href=\"https:\/\/garciaygarridoabogados.es\/staging\/lopd\/\"> t\u00e9rminos y condiciones de la pol\u00edtica de privacidad.<\/a>\n<\/p>\n<p><input class=\"wpcf7-form-control wpcf7-submit has-spinner\" type=\"submit\" value=\"ENVIAR\" \/>\n<\/p><div class=\"wpcf7-response-output\" aria-hidden=\"true\"><\/div>\n<\/form>\n<\/div>\n[\/vc_column][vc_column width=\u00bb1\/2&#8243; el_class=\u00bbtmlawyer_contact_map\u00bb][vc_column_text]<iframe loading=\"lazy\" style=\"border: 0;\" src=\"https:\/\/www.google.com\/maps\/embed?pb=!1m18!1m12!1m3!1d3169.5378803293734!2d-5.9831536844081255!3d37.400759579829305!2m3!1f0!2f0!3f0!3m2!1i1024!2i768!4f13.1!3m3!1m2!1s0xd126eaae3e34567%3A0xcf37e071a4733d7e!2sGarcia%20%26%20Garrido%20Abogados!5e0!3m2!1ses!2ses!4v1622132181790!5m2!1ses!2ses\" width=\"100%\" height=\"600\" allowfullscreen=\"allowfullscreen\" data-mce-fragment=\"1\"><\/iframe>[\/vc_column_text][\/vc_column][\/vc_row][vc_row full_width=\u00bbstretch_row\u00bb css=\u00bb.vc_custom_1451922854929{margin-bottom: 0px !important;padding-top: 70px !important;padding-bottom: 40px !important;}\u00bb][vc_column width=\u00bb1\/3&#8243; css=\u00bb.vc_custom_1447313061893{margin-bottom: 30px !important;}\u00bb][vc_icon icon_fontawesome=\u00bbfa fa-phone\u00bb color=\u00bbcustom\u00bb background_style=\u00bbboxed-outline\u00bb background_color=\u00bbwhite\u00bb align=\u00bbcenter\u00bb custom_color=\u00bb#c8a472&#8243; el_class=\u00bbtmlawyer_icon_1&#8243;][vc_custom_heading text=\u00bbContacto Por Tel\u00e9fono\u00bb font_container=\u00bbtag:div|font_size:24|text_align:center|color:%23333333&#8243; use_theme_fonts=\u00bbyes\u00bb el_class=\u00bbtext-eb-garamond\u00bb][vc_column_text el_class=\u00bbtmlawyer_contact_text\u00bb]<\/p>\n<p style=\"text-align: center;\">616 37 88 86<\/p>\n<p>[\/vc_column_text][\/vc_column][vc_column width=\u00bb1\/3&#8243; css=\u00bb.vc_custom_1447313068733{margin-bottom: 30px !important;}\u00bb][vc_icon icon_fontawesome=\u00bbfa fa-envelope-o\u00bb color=\u00bbcustom\u00bb background_style=\u00bbboxed-outline\u00bb background_color=\u00bbwhite\u00bb align=\u00bbcenter\u00bb custom_color=\u00bb#c8a472&#8243; el_class=\u00bbtmlawyer_icon_1&#8243;][vc_custom_heading text=\u00bbContacto Por Email\u00bb font_container=\u00bbtag:div|font_size:24|text_align:center|color:%23333333&#8243; use_theme_fonts=\u00bbyes\u00bb el_class=\u00bbtext-eb-garamond\u00bb][vc_column_text el_class=\u00bbtmlawyer_contact_text\u00bb]<\/p>\n<p style=\"text-align: center;\">rafagarciabogado@gmail.com<\/p>\n<p>[\/vc_column_text][\/vc_column][vc_column width=\u00bb1\/3&#8243; css=\u00bb.vc_custom_1447313076445{margin-bottom: 30px !important;}\u00bb][vc_icon icon_fontawesome=\u00bbfa fa-map-marker\u00bb color=\u00bbcustom\u00bb background_style=\u00bbboxed-outline\u00bb background_color=\u00bbwhite\u00bb align=\u00bbcenter\u00bb custom_color=\u00bb#c8a472&#8243; el_class=\u00bbtmlawyer_icon_1&#8243;][vc_custom_heading text=\u00bbVis\u00edtenos\u00bb font_container=\u00bbtag:div|font_size:24|text_align:center|color:%23333333&#8243; use_theme_fonts=\u00bbyes\u00bb el_class=\u00bbtext-eb-garamond\u00bb][vc_column_text el_class=\u00bbtmlawyer_contact_text\u00bb]<\/p>\n<p style=\"text-align: center;\">C\/ Fern\u00e1ndez deGuadalupe 16, 1\u00ba A,<br \/>\n41008, SEVILLA<\/p>\n<p>[\/vc_column_text][\/vc_column][\/vc_row][vc_row full_width=\u00bbstretch_row_content_no_spaces\u00bb css=\u00bb.vc_custom_1451907649807{padding-top: 80px !important;padding-bottom: 80px !important;background-image: url(https:\/\/garciaygarridoabogados.es\/staging\/wp-content\/uploads\/2016\/01\/bannerFooter.jpg?id=1091) !important;background-position: center !important;background-repeat: no-repeat !important;background-size: cover !important;}\u00bb row_bg_overlay=\u00bb#595959&#8243;][vc_column][vc_row_inner el_class=\u00bbbanner\u00bb][vc_column_inner width=\u00bb1\/4&#8243;][\/vc_column_inner][vc_column_inner width=\u00bb1\/2&#8243;][vc_column_text css_animation=\u00bbappear\u00bb el_class=\u00bbbanner\u00bb]<\/p>\n<h2 style=\"text-align: center;\"><span style=\"color: #ffffff;\"><strong>Garc\u00eda &amp; Garrido Abogados<br \/>\n<\/strong>Compromiso, confidencialidad, calidad. Servicios jur\u00eddicos de calidad para clientes exigentes que buscan soluciones r\u00e1pidas y efectivas.<\/span><\/h2>\n<p>[\/vc_column_text][vc_btn title=\u00bbCONS\u00daLTENOS\u00bb style=\u00bboutline-custom\u00bb outline_custom_color=\u00bb#ffffff\u00bb outline_custom_hover_background=\u00bbrgba(102,102,102,0.22)\u00bb outline_custom_hover_text=\u00bb#ffffff\u00bb align=\u00bbcenter\u00bb css=\u00bb.vc_custom_1451913444753{margin-top: 20px !important;}\u00bb link=\u00bburl:https%3A%2F%2Fgarciaygarridoabogados.es%2Fcontacto%2F||\u00bb][\/vc_column_inner][vc_column_inner width=\u00bb1\/4&#8243;][\/vc_column_inner][\/vc_row_inner][\/vc_column][\/vc_row][vc_row][vc_column width=\u00bb1\/4&#8243;][\/vc_column][vc_column width=\u00bb1\/2&#8243;][vc_single_image image=\u00bb1545&#8243; img_size=\u00bb300&#215;77&#8243; alignment=\u00bbcenter\u00bb][\/vc_column][vc_column width=\u00bb1\/4&#8243;][\/vc_column][\/vc_row]<\/p>\n<\/div>","protected":false},"excerpt":{"rendered":"<p>[vc_row css=\u00bb.vc_custom_1451910025096{margin-top: 30px !important;margin-bottom: 20px !important;}\u00bb][vc_column][vc_row_inner css=\u00bb.vc_custom_1675354423989{padding-top: 20px !important;padding-bottom: 40px !important;}\u00bb][vc_column_inner width=\u00bb1\/6&#8243;][\/vc_column_inner][vc_column_inner width=\u00bb2\/3&#8243;][vc_column_text css_animation=\u00bbappear\u00bb] Garc\u00eda &amp; Garrido Abogados Herencias y sucesiones en Sevilla. Especialistas en Derecho Sucesorio. [\/vc_column_text][\/vc_column_inner][vc_column_inner width=\u00bb1\/6&#8243;][\/vc_column_inner][\/vc_row_inner][vc_row_inner][vc_column_inner][vc_column_text el_class=\u00bbtmlawyer_textbox_2&#8243;]Nuestra firma\u00a0presta una atenci\u00f3n particular a los asuntos legales relativos a herencias y testamentar\u00eda. Podemos asistirle, asesorarle y representarle ante cuestiones legales relativas a: \u00a0Testamento: Redacci\u00f3n\/ [&hellip;]<\/p>\n","protected":false},"author":1,"featured_media":0,"parent":0,"menu_order":0,"comment_status":"closed","ping_status":"closed","template":"","meta":{"footnotes":""},"class_list":["post-1528","page","type-page","status-publish","hentry"],"aioseo_notices":[],"_links":{"self":[{"href":"https:\/\/garciaygarridoabogados.es\/staging\/wp-json\/wp\/v2\/pages\/1528","targetHints":{"allow":["GET"]}}],"collection":[{"href":"https:\/\/garciaygarridoabogados.es\/staging\/wp-json\/wp\/v2\/pages"}],"about":[{"href":"https:\/\/garciaygarridoabogados.es\/staging\/wp-json\/wp\/v2\/types\/page"}],"author":[{"embeddable":true,"href":"https:\/\/garciaygarridoabogados.es\/staging\/wp-json\/wp\/v2\/users\/1"}],"replies":[{"embeddable":true,"href":"https:\/\/garciaygarridoabogados.es\/staging\/wp-json\/wp\/v2\/comments?post=1528"}],"version-history":[{"count":5,"href":"https:\/\/garciaygarridoabogados.es\/staging\/wp-json\/wp\/v2\/pages\/1528\/revisions"}],"predecessor-version":[{"id":1547,"href":"https:\/\/garciaygarridoabogados.es\/staging\/wp-json\/wp\/v2\/pages\/1528\/revisions\/1547"}],"wp:attachment":[{"href":"https:\/\/garciaygarridoabogados.es\/staging\/wp-json\/wp\/v2\/media?parent=1528"}],"curies":[{"name":"wp","href":"https:\/\/api.w.org\/{rel}","templated":true}]}}